{"id":11539,"date":"2026-03-16T09:16:46","date_gmt":"2026-03-16T08:16:46","guid":{"rendered":"https:\/\/voltaswiss.ch\/?post_type=product&#038;p=11539"},"modified":"2026-03-17T08:36:58","modified_gmt":"2026-03-17T07:36:58","slug":"batterie-deye-60kwh","status":"publish","type":"product","link":"https:\/\/voltaswiss.ch\/de\/produit\/batterie-deye-60kwh\/","title":{"rendered":"Batterie Deye 60kWH Outdoor IP55"},"content":{"rendered":"<p><!--StartFragment --><\/p>\n<p>Capacit\u00e9 : <strong>60\u202fkWh<\/strong><br \/>\nSyst\u00e8me haute tension compos\u00e9 de <strong>modules LiFePO\u2084 de 5,12\u202fkWh<\/strong> int\u00e9gr\u00e9s dans une armoire IP55 avec gestion compl\u00e8te (BMS, PDU, refroidissement, s\u00e9curit\u00e9 incendie).<br \/>\nDur\u00e9e de vie : <strong>6000 cycles<\/strong> (technologie LFP)<br \/>\nTension de fonctionnement : <strong>120\u2013750\u202fV DC<\/strong><br \/>\nIndice de protection : <strong>IP55 (armoire)<\/strong><\/p>\n<p>Garantie : <strong>10 ans<\/strong><\/p>\n<p><!--EndFragment --><\/p>\n","protected":false},"excerpt":{"rendered":"<p>Capacit\u00e9 : 60\u202fkWh Syst\u00e8me haute tension compos\u00e9 de modules LiFePO\u2084 de 5,12\u202fkWh int\u00e9gr\u00e9s dans une armoire IP55 avec gestion compl\u00e8te (BMS, PDU, refroidissement, s\u00e9curit\u00e9 incendie). Dur\u00e9e de vie : 6000 cycles (technologie LFP) Tension de fonctionnement : 120\u2013750\u202fV DC Indice de protection : IP55 (armoire) Garantie : 10 ans<\/p>\n","protected":false},"featured_media":11541,"template":"","meta":{"_uag_custom_page_level_css":"","site-sidebar-layout":"default","site-content-layout":"default","ast-site-content-layout":"default","site-content-style":"default","site-sidebar-style":"default","ast-global-header-display":"","ast-banner-title-visibility":"","ast-main-header-display":"","ast-hfb-above-header-display":"","ast-hfb-below-header-display":"","ast-hfb-mobile-header-display":"","site-post-title":"","ast-breadcrumbs-content":"","ast-featured-img":"","footer-sml-layout":"","theme-transparent-header-meta":"default","adv-header-id-meta":"","stick-header-meta":"","header-above-stick-meta":"","header-main-stick-meta":"","header-below-stick-meta":"","astra-migrate-meta-layouts":"set","ast-page-background-enabled":"default","ast-page-background-meta":{"desktop":{"background-color":"var(--ast-global-color-4)","background-image":"","background-repeat":"repeat","background-position":"center center","background-size":"auto","background-attachment":"scroll","background-type":"","background-media":"","overlay-type":"","overlay-color":"","overlay-opacity":"","overlay-gradient":""},"tablet":{"background-color":"","background-image":"","background-repeat":"repeat","background-position":"center center","background-size":"auto","background-attachment":"scroll","background-type":"","background-media":"","overlay-type":"","overlay-color":"","overlay-opacity":"","overlay-gradient":""},"mobile":{"background-color":"","background-image":"","background-repeat":"repeat","background-position":"center center","background-size":"auto","background-attachment":"scroll","background-type":"","background-media":"","overlay-type":"","overlay-color":"","overlay-opacity":"","overlay-gradient":""}},"ast-content-background-meta":{"desktop":{"background-color":"var(--ast-global-color-5)","background-image":"","background-repeat":"repeat","background-position":"center center","background-size":"auto","background-attachment":"scroll","background-type":"","background-media":"","overlay-type":"","overlay-color":"","overlay-opacity":"","overlay-gradient":""},"tablet":{"background-color":"var(--ast-global-color-5)","background-image":"","background-repeat":"repeat","background-position":"center center","background-size":"auto","background-attachment":"scroll","background-type":"","background-media":"","overlay-type":"","overlay-color":"","overlay-opacity":"","overlay-gradient":""},"mobile":{"background-color":"var(--ast-global-color-5)","background-image":"","background-repeat":"repeat","background-position":"center center","background-size":"auto","background-attachment":"scroll","background-type":"","background-media":"","overlay-type":"","overlay-color":"","overlay-opacity":"","overlay-gradient":""}},"pgc_sgb_lightbox_settings":""},"product_brand":[],"product_cat":[42,216],"product_tag":[211,209],"class_list":{"0":"post-11539","1":"product","2":"type-product","3":"status-publish","4":"has-post-thumbnail","6":"product_cat-batteries-stockage","7":"product_cat-batteries-haute-tension","8":"product_tag-batterie","9":"product_tag-haute-tension","10":"desktop-align-center","11":"tablet-align-center","12":"mobile-align-center","14":"first","15":"instock","16":"taxable","17":"shipping-taxable","18":"product-type-simple"},"uagb_featured_image_src":{"full":["https:\/\/voltaswiss.ch\/wp-content\/uploads\/2026\/03\/SKU11900-GE-F60-IP55-60-kWh_picture.webp",700,700,false],"thumbnail":["https:\/\/voltaswiss.ch\/wp-content\/uploads\/2026\/03\/SKU11900-GE-F60-IP55-60-kWh_picture-150x150.webp",150,150,true],"medium":["https:\/\/voltaswiss.ch\/wp-content\/uploads\/2026\/03\/SKU11900-GE-F60-IP55-60-kWh_picture-300x300.webp",300,300,true],"medium_large":["https:\/\/voltaswiss.ch\/wp-content\/uploads\/2026\/03\/SKU11900-GE-F60-IP55-60-kWh_picture.webp",700,700,false],"large":["https:\/\/voltaswiss.ch\/wp-content\/uploads\/2026\/03\/SKU11900-GE-F60-IP55-60-kWh_picture.webp",700,700,false],"1536x1536":["https:\/\/voltaswiss.ch\/wp-content\/uploads\/2026\/03\/SKU11900-GE-F60-IP55-60-kWh_picture.webp",700,700,false],"2048x2048":["https:\/\/voltaswiss.ch\/wp-content\/uploads\/2026\/03\/SKU11900-GE-F60-IP55-60-kWh_picture.webp",700,700,false],"gform-image-choice-sm":["https:\/\/voltaswiss.ch\/wp-content\/uploads\/2026\/03\/SKU11900-GE-F60-IP55-60-kWh_picture.webp",300,300,false],"gform-image-choice-md":["https:\/\/voltaswiss.ch\/wp-content\/uploads\/2026\/03\/SKU11900-GE-F60-IP55-60-kWh_picture.webp",400,400,false],"gform-image-choice-lg":["https:\/\/voltaswiss.ch\/wp-content\/uploads\/2026\/03\/SKU11900-GE-F60-IP55-60-kWh_picture.webp",600,600,false],"woocommerce_thumbnail":["https:\/\/voltaswiss.ch\/wp-content\/uploads\/2026\/03\/SKU11900-GE-F60-IP55-60-kWh_picture-300x300.webp",300,300,true],"woocommerce_single":["https:\/\/voltaswiss.ch\/wp-content\/uploads\/2026\/03\/SKU11900-GE-F60-IP55-60-kWh_picture-600x600.webp",600,600,true],"woocommerce_gallery_thumbnail":["https:\/\/voltaswiss.ch\/wp-content\/uploads\/2026\/03\/SKU11900-GE-F60-IP55-60-kWh_picture-100x100.webp",100,100,true]},"uagb_author_info":{"display_name":"Pedro","author_link":"https:\/\/voltaswiss.ch\/de\/author\/"},"uagb_comment_info":0,"uagb_excerpt":"Capacit\u00e9 : 60\u202fkWh Syst\u00e8me haute tension compos\u00e9 de modules LiFePO\u2084 de 5,12\u202fkWh int\u00e9gr\u00e9s dans une armoire IP55 avec gestion compl\u00e8te (BMS, PDU, refroidissement, s\u00e9curit\u00e9 incendie). Dur\u00e9e de vie : 6000 cycles (technologie LFP) Tension de fonctionnement : 120\u2013750\u202fV DC Indice de protection : IP55 (armoire) Garantie : 10 ans","_links":{"self":[{"href":"https:\/\/voltaswiss.ch\/de\/wp-json\/wp\/v2\/product\/11539","targetHints":{"allow":["GET"]}}],"collection":[{"href":"https:\/\/voltaswiss.ch\/de\/wp-json\/wp\/v2\/product"}],"about":[{"href":"https:\/\/voltaswiss.ch\/de\/wp-json\/wp\/v2\/types\/product"}],"wp:featuredmedia":[{"embeddable":true,"href":"https:\/\/voltaswiss.ch\/de\/wp-json\/wp\/v2\/media\/11541"}],"wp:attachment":[{"href":"https:\/\/voltaswiss.ch\/de\/wp-json\/wp\/v2\/media?parent=11539"}],"wp:term":[{"taxonomy":"product_brand","embeddable":true,"href":"https:\/\/voltaswiss.ch\/de\/wp-json\/wp\/v2\/product_brand?post=11539"},{"taxonomy":"product_cat","embeddable":true,"href":"https:\/\/voltaswiss.ch\/de\/wp-json\/wp\/v2\/product_cat?post=11539"},{"taxonomy":"product_tag","embeddable":true,"href":"https:\/\/voltaswiss.ch\/de\/wp-json\/wp\/v2\/product_tag?post=11539"}],"curies":[{"name":"wp","href":"https:\/\/api.w.org\/{rel}","templated":true}]}}