{"id":11556,"date":"2026-03-16T09:38:48","date_gmt":"2026-03-16T08:38:48","guid":{"rendered":"https:\/\/voltaswiss.ch\/?post_type=product&#038;p=11556"},"modified":"2026-03-17T08:36:57","modified_gmt":"2026-03-17T07:36:57","slug":"batterie-deye-60kwh-indoor-ip20","status":"publish","type":"product","link":"https:\/\/voltaswiss.ch\/de\/produit\/batterie-deye-60kwh-indoor-ip20\/","title":{"rendered":"Batterie Deye 60kWH Indoor IP20"},"content":{"rendered":"<p><!--StartFragment --><\/p>\n<p><!--StartFragment --><\/p>\n<p>Capacit\u00e9 : <strong>60\u202fkWh<\/strong><br \/>\nSyst\u00e8me haute tension compos\u00e9 de <strong>12 modules LiFePO\u2084 de 5,12\u202fkWh<\/strong>, mont\u00e9s en rack avec BMS haute tension int\u00e9gr\u00e9.<br \/>\nDur\u00e9e de vie : <strong>\u2265\u202f6000 cycles<\/strong> (\u00e0 25\u202f\u00b0C, 0.5C\/0.5C, EOL 70\u202f%)<br \/>\nTension nominale : <strong>614,4\u202fV<\/strong><br \/>\nIndice de protection : <strong>IP20<\/strong> (rack et modules)<\/p>\n<p>Garantie : <strong>10 ans<\/strong><\/p>\n<p><!--EndFragment --><\/p>\n<p><!--EndFragment --><\/p>\n","protected":false},"excerpt":{"rendered":"<p>Capacit\u00e9 : 60\u202fkWh Syst\u00e8me haute tension compos\u00e9 de 12 modules LiFePO\u2084 de 5,12\u202fkWh, mont\u00e9s en rack avec BMS haute tension int\u00e9gr\u00e9. Dur\u00e9e de vie : \u2265\u202f6000 cycles (\u00e0 25\u202f\u00b0C, 0.5C\/0.5C, EOL 70\u202f%) Tension nominale : 614,4\u202fV Indice de protection : IP20 (rack et modules) Garantie : 10 ans<\/p>\n","protected":false},"featured_media":11558,"template":"","meta":{"_uag_custom_page_level_css":"","site-sidebar-layout":"default","site-content-layout":"default","ast-site-content-layout":"default","site-content-style":"default","site-sidebar-style":"default","ast-global-header-display":"","ast-banner-title-visibility":"","ast-main-header-display":"","ast-hfb-above-header-display":"","ast-hfb-below-header-display":"","ast-hfb-mobile-header-display":"","site-post-title":"","ast-breadcrumbs-content":"","ast-featured-img":"","footer-sml-layout":"","theme-transparent-header-meta":"default","adv-header-id-meta":"","stick-header-meta":"","header-above-stick-meta":"","header-main-stick-meta":"","header-below-stick-meta":"","astra-migrate-meta-layouts":"set","ast-page-background-enabled":"default","ast-page-background-meta":{"desktop":{"background-color":"var(--ast-global-color-4)","background-image":"","background-repeat":"repeat","background-position":"center center","background-size":"auto","background-attachment":"scroll","background-type":"","background-media":"","overlay-type":"","overlay-color":"","overlay-opacity":"","overlay-gradient":""},"tablet":{"background-color":"","background-image":"","background-repeat":"repeat","background-position":"center center","background-size":"auto","background-attachment":"scroll","background-type":"","background-media":"","overlay-type":"","overlay-color":"","overlay-opacity":"","overlay-gradient":""},"mobile":{"background-color":"","background-image":"","background-repeat":"repeat","background-position":"center center","background-size":"auto","background-attachment":"scroll","background-type":"","background-media":"","overlay-type":"","overlay-color":"","overlay-opacity":"","overlay-gradient":""}},"ast-content-background-meta":{"desktop":{"background-color":"var(--ast-global-color-5)","background-image":"","background-repeat":"repeat","background-position":"center center","background-size":"auto","background-attachment":"scroll","background-type":"","background-media":"","overlay-type":"","overlay-color":"","overlay-opacity":"","overlay-gradient":""},"tablet":{"background-color":"var(--ast-global-color-5)","background-image":"","background-repeat":"repeat","background-position":"center center","background-size":"auto","background-attachment":"scroll","background-type":"","background-media":"","overlay-type":"","overlay-color":"","overlay-opacity":"","overlay-gradient":""},"mobile":{"background-color":"var(--ast-global-color-5)","background-image":"","background-repeat":"repeat","background-position":"center center","background-size":"auto","background-attachment":"scroll","background-type":"","background-media":"","overlay-type":"","overlay-color":"","overlay-opacity":"","overlay-gradient":""}},"pgc_sgb_lightbox_settings":""},"product_brand":[],"product_cat":[42,216],"product_tag":[211,209],"class_list":{"0":"post-11556","1":"product","2":"type-product","3":"status-publish","4":"has-post-thumbnail","6":"product_cat-batteries-stockage","7":"product_cat-batteries-haute-tension","8":"product_tag-batterie","9":"product_tag-haute-tension","10":"desktop-align-center","11":"tablet-align-center","12":"mobile-align-center","14":"first","15":"instock","16":"taxable","17":"shipping-taxable","18":"product-type-simple"},"uagb_featured_image_src":{"full":["https:\/\/voltaswiss.ch\/wp-content\/uploads\/2026\/03\/SKU12266-OHR60K-100-60kWh_picture.webp",700,700,false],"thumbnail":["https:\/\/voltaswiss.ch\/wp-content\/uploads\/2026\/03\/SKU12266-OHR60K-100-60kWh_picture-150x150.webp",150,150,true],"medium":["https:\/\/voltaswiss.ch\/wp-content\/uploads\/2026\/03\/SKU12266-OHR60K-100-60kWh_picture-300x300.webp",300,300,true],"medium_large":["https:\/\/voltaswiss.ch\/wp-content\/uploads\/2026\/03\/SKU12266-OHR60K-100-60kWh_picture.webp",700,700,false],"large":["https:\/\/voltaswiss.ch\/wp-content\/uploads\/2026\/03\/SKU12266-OHR60K-100-60kWh_picture.webp",700,700,false],"1536x1536":["https:\/\/voltaswiss.ch\/wp-content\/uploads\/2026\/03\/SKU12266-OHR60K-100-60kWh_picture.webp",700,700,false],"2048x2048":["https:\/\/voltaswiss.ch\/wp-content\/uploads\/2026\/03\/SKU12266-OHR60K-100-60kWh_picture.webp",700,700,false],"gform-image-choice-sm":["https:\/\/voltaswiss.ch\/wp-content\/uploads\/2026\/03\/SKU12266-OHR60K-100-60kWh_picture.webp",300,300,false],"gform-image-choice-md":["https:\/\/voltaswiss.ch\/wp-content\/uploads\/2026\/03\/SKU12266-OHR60K-100-60kWh_picture.webp",400,400,false],"gform-image-choice-lg":["https:\/\/voltaswiss.ch\/wp-content\/uploads\/2026\/03\/SKU12266-OHR60K-100-60kWh_picture.webp",600,600,false],"woocommerce_thumbnail":["https:\/\/voltaswiss.ch\/wp-content\/uploads\/2026\/03\/SKU12266-OHR60K-100-60kWh_picture-300x300.webp",300,300,true],"woocommerce_single":["https:\/\/voltaswiss.ch\/wp-content\/uploads\/2026\/03\/SKU12266-OHR60K-100-60kWh_picture-600x600.webp",600,600,true],"woocommerce_gallery_thumbnail":["https:\/\/voltaswiss.ch\/wp-content\/uploads\/2026\/03\/SKU12266-OHR60K-100-60kWh_picture-100x100.webp",100,100,true]},"uagb_author_info":{"display_name":"Pedro","author_link":"https:\/\/voltaswiss.ch\/de\/author\/"},"uagb_comment_info":0,"uagb_excerpt":"Capacit\u00e9 : 60\u202fkWh Syst\u00e8me haute tension compos\u00e9 de 12 modules LiFePO\u2084 de 5,12\u202fkWh, mont\u00e9s en rack avec BMS haute tension int\u00e9gr\u00e9. Dur\u00e9e de vie : \u2265\u202f6000 cycles (\u00e0 25\u202f\u00b0C, 0.5C\/0.5C, EOL 70\u202f%) Tension nominale : 614,4\u202fV Indice de protection : IP20 (rack et modules) Garantie : 10 ans","_links":{"self":[{"href":"https:\/\/voltaswiss.ch\/de\/wp-json\/wp\/v2\/product\/11556","targetHints":{"allow":["GET"]}}],"collection":[{"href":"https:\/\/voltaswiss.ch\/de\/wp-json\/wp\/v2\/product"}],"about":[{"href":"https:\/\/voltaswiss.ch\/de\/wp-json\/wp\/v2\/types\/product"}],"wp:featuredmedia":[{"embeddable":true,"href":"https:\/\/voltaswiss.ch\/de\/wp-json\/wp\/v2\/media\/11558"}],"wp:attachment":[{"href":"https:\/\/voltaswiss.ch\/de\/wp-json\/wp\/v2\/media?parent=11556"}],"wp:term":[{"taxonomy":"product_brand","embeddable":true,"href":"https:\/\/voltaswiss.ch\/de\/wp-json\/wp\/v2\/product_brand?post=11556"},{"taxonomy":"product_cat","embeddable":true,"href":"https:\/\/voltaswiss.ch\/de\/wp-json\/wp\/v2\/product_cat?post=11556"},{"taxonomy":"product_tag","embeddable":true,"href":"https:\/\/voltaswiss.ch\/de\/wp-json\/wp\/v2\/product_tag?post=11556"}],"curies":[{"name":"wp","href":"https:\/\/api.w.org\/{rel}","templated":true}]}}