{"id":11596,"date":"2026-03-17T14:40:31","date_gmt":"2026-03-17T13:40:31","guid":{"rendered":"https:\/\/voltaswiss.ch\/?post_type=product&#038;p=11596"},"modified":"2026-03-17T16:34:59","modified_gmt":"2026-03-17T15:34:59","slug":"deye-smart-wallbox-chargeur-ac-sun-evse22k01-eu-ac","status":"publish","type":"product","link":"https:\/\/voltaswiss.ch\/de\/produit\/deye-smart-wallbox-chargeur-ac-sun-evse22k01-eu-ac\/","title":{"rendered":"Deye Smart Wallbox | Chargeur AC | SUN-EVSE22K01-EU-AC"},"content":{"rendered":"<h5>Caract\u00e9ristiques principales<\/h5>\n<ul>\n<li><strong>Puissance max : <\/strong>11 kW (triphas\u00e9)<\/li>\n<li><strong>Alimentation : <\/strong>230\/400 V \u2013 16 A<\/li>\n<li><strong>Indice de protection : <\/strong>IP66 (usage ext\u00e9rieur)<\/li>\n<li><strong>Temp\u00e9rature de fonctionnement :<\/strong> \u201340 \u00e0 +55 \u00b0C<\/li>\n<li><strong>C\u00e2ble : <\/strong>4,2 m \u2013 1 pistolet Type 2<\/li>\n<li><strong>Communication : <\/strong>Wi\u2011Fi \/ LoRa \/ Bluetooth BLE (comptatible avec Deye Cloud et Solarman)<\/li>\n<li><strong>Poids : <\/strong>3,7 kg<\/li>\n<li><strong>Tr\u00e8s silencieuse : <\/strong>&lt; 25 dB<\/li>\n<\/ul>\n<h5>Protections int\u00e9gr\u00e9es<\/h5>\n<p>Surtension, sous\u2011tension, surintensit\u00e9, surcharge, court\u2011circuit, d\u00e9faut de terre, surchauffe, basse temp\u00e9rature, <strong>d\u00e9tection DC 6 mA<\/strong>, parafoudre <strong>Type II<\/strong><\/p>\n<p><!--StartFragment --><\/p>\n<h5>Modes de charge<\/h5>\n<ul>\n<li><strong>Plug &amp; Charge<\/strong> (brancher \u2192 charge imm\u00e9diate)<\/li>\n<li><strong>Charge apr\u00e8s scan<\/strong> (via app \/ QR)<\/li>\n<li><strong>Charge programm\u00e9e<\/strong> (plages horaires)<\/li>\n<\/ul>\n<p><!--StartFragment --><\/p>\n<h5><!--StartFragment --><\/h5>\n<p>&nbsp;<\/p>\n<p><!--StartFragment --><\/p>\n<p><!--StartFragment --><\/p>\n<p><!--EndFragment --><\/p>\n<p><!--EndFragment --><\/p>\n<p><!--EndFragment --><\/p>\n<p><!--EndFragment --><\/p>\n<p><!--EndFragment --><\/p>\n<p><!--EndFragment --><\/p>\n","protected":false},"excerpt":{"rendered":"<p>Caract\u00e9ristiques principales Puissance max : 11 kW (triphas\u00e9) Alimentation : 230\/400 V \u2013 16 A Indice de protection : IP66 (usage ext\u00e9rieur) Temp\u00e9rature de fonctionnement : \u201340 \u00e0 +55 \u00b0C C\u00e2ble : 4,2 m \u2013 1 pistolet Type 2 Communication : Wi\u2011Fi \/ LoRa \/ Bluetooth BLE (comptatible avec Deye Cloud et Solarman) Poids : [&hellip;]<\/p>\n","protected":false},"featured_media":11597,"template":"","meta":{"_uag_custom_page_level_css":"","site-sidebar-layout":"default","site-content-layout":"","ast-site-content-layout":"default","site-content-style":"default","site-sidebar-style":"default","ast-global-header-display":"","ast-banner-title-visibility":"","ast-main-header-display":"","ast-hfb-above-header-display":"","ast-hfb-below-header-display":"","ast-hfb-mobile-header-display":"","site-post-title":"","ast-breadcrumbs-content":"","ast-featured-img":"","footer-sml-layout":"","theme-transparent-header-meta":"default","adv-header-id-meta":"","stick-header-meta":"","header-above-stick-meta":"","header-main-stick-meta":"","header-below-stick-meta":"","astra-migrate-meta-layouts":"set","ast-page-background-enabled":"default","ast-page-background-meta":{"desktop":{"background-color":"var(--ast-global-color-4)","background-image":"","background-repeat":"repeat","background-position":"center center","background-size":"auto","background-attachment":"scroll","background-type":"","background-media":"","overlay-type":"","overlay-color":"","overlay-opacity":"","overlay-gradient":""},"tablet":{"background-color":"","background-image":"","background-repeat":"repeat","background-position":"center center","background-size":"auto","background-attachment":"scroll","background-type":"","background-media":"","overlay-type":"","overlay-color":"","overlay-opacity":"","overlay-gradient":""},"mobile":{"background-color":"","background-image":"","background-repeat":"repeat","background-position":"center center","background-size":"auto","background-attachment":"scroll","background-type":"","background-media":"","overlay-type":"","overlay-color":"","overlay-opacity":"","overlay-gradient":""}},"ast-content-background-meta":{"desktop":{"background-color":"var(--ast-global-color-5)","background-image":"","background-repeat":"repeat","background-position":"center center","background-size":"auto","background-attachment":"scroll","background-type":"","background-media":"","overlay-type":"","overlay-color":"","overlay-opacity":"","overlay-gradient":""},"tablet":{"background-color":"var(--ast-global-color-5)","background-image":"","background-repeat":"repeat","background-position":"center center","background-size":"auto","background-attachment":"scroll","background-type":"","background-media":"","overlay-type":"","overlay-color":"","overlay-opacity":"","overlay-gradient":""},"mobile":{"background-color":"var(--ast-global-color-5)","background-image":"","background-repeat":"repeat","background-position":"center center","background-size":"auto","background-attachment":"scroll","background-type":"","background-media":"","overlay-type":"","overlay-color":"","overlay-opacity":"","overlay-gradient":""}},"pgc_sgb_lightbox_settings":""},"product_brand":[],"product_cat":[213],"product_tag":[],"class_list":{"0":"post-11596","1":"product","2":"type-product","3":"status-publish","4":"has-post-thumbnail","6":"product_cat-borne-de-recharge","7":"desktop-align-center","8":"tablet-align-center","9":"mobile-align-center","11":"first","12":"instock","13":"taxable","14":"shipping-taxable","15":"product-type-simple"},"uagb_featured_image_src":{"full":["https:\/\/voltaswiss.ch\/wp-content\/uploads\/2026\/03\/Deye-Smart-Wallbox_SUN-EVSE22K01-EU-AC_picture-scaled.webp",2560,2560,false],"thumbnail":["https:\/\/voltaswiss.ch\/wp-content\/uploads\/2026\/03\/Deye-Smart-Wallbox_SUN-EVSE22K01-EU-AC_picture-150x150.webp",150,150,true],"medium":["https:\/\/voltaswiss.ch\/wp-content\/uploads\/2026\/03\/Deye-Smart-Wallbox_SUN-EVSE22K01-EU-AC_picture-300x300.webp",300,300,true],"medium_large":["https:\/\/voltaswiss.ch\/wp-content\/uploads\/2026\/03\/Deye-Smart-Wallbox_SUN-EVSE22K01-EU-AC_picture-768x768.webp",768,768,true],"large":["https:\/\/voltaswiss.ch\/wp-content\/uploads\/2026\/03\/Deye-Smart-Wallbox_SUN-EVSE22K01-EU-AC_picture-1024x1024.webp",1024,1024,true],"1536x1536":["https:\/\/voltaswiss.ch\/wp-content\/uploads\/2026\/03\/Deye-Smart-Wallbox_SUN-EVSE22K01-EU-AC_picture-1536x1536.webp",1536,1536,true],"2048x2048":["https:\/\/voltaswiss.ch\/wp-content\/uploads\/2026\/03\/Deye-Smart-Wallbox_SUN-EVSE22K01-EU-AC_picture-2048x2048.webp",2048,2048,true],"gform-image-choice-sm":["https:\/\/voltaswiss.ch\/wp-content\/uploads\/2026\/03\/Deye-Smart-Wallbox_SUN-EVSE22K01-EU-AC_picture-scaled.webp",300,300,false],"gform-image-choice-md":["https:\/\/voltaswiss.ch\/wp-content\/uploads\/2026\/03\/Deye-Smart-Wallbox_SUN-EVSE22K01-EU-AC_picture-scaled.webp",400,400,false],"gform-image-choice-lg":["https:\/\/voltaswiss.ch\/wp-content\/uploads\/2026\/03\/Deye-Smart-Wallbox_SUN-EVSE22K01-EU-AC_picture-scaled.webp",600,600,false],"woocommerce_thumbnail":["https:\/\/voltaswiss.ch\/wp-content\/uploads\/2026\/03\/Deye-Smart-Wallbox_SUN-EVSE22K01-EU-AC_picture-300x300.webp",300,300,true],"woocommerce_single":["https:\/\/voltaswiss.ch\/wp-content\/uploads\/2026\/03\/Deye-Smart-Wallbox_SUN-EVSE22K01-EU-AC_picture-600x600.webp",600,600,true],"woocommerce_gallery_thumbnail":["https:\/\/voltaswiss.ch\/wp-content\/uploads\/2026\/03\/Deye-Smart-Wallbox_SUN-EVSE22K01-EU-AC_picture-100x100.webp",100,100,true]},"uagb_author_info":{"display_name":"Pedro","author_link":"https:\/\/voltaswiss.ch\/de\/author\/"},"uagb_comment_info":0,"uagb_excerpt":"Caract\u00e9ristiques principales Puissance max : 11 kW (triphas\u00e9) Alimentation : 230\/400 V \u2013 16 A Indice de protection : IP66 (usage ext\u00e9rieur) Temp\u00e9rature de fonctionnement : \u201340 \u00e0 +55 \u00b0C C\u00e2ble : 4,2 m \u2013 1 pistolet Type 2 Communication : Wi\u2011Fi \/ LoRa \/ Bluetooth BLE (comptatible avec Deye Cloud et Solarman) Poids :&hellip;","_links":{"self":[{"href":"https:\/\/voltaswiss.ch\/de\/wp-json\/wp\/v2\/product\/11596","targetHints":{"allow":["GET"]}}],"collection":[{"href":"https:\/\/voltaswiss.ch\/de\/wp-json\/wp\/v2\/product"}],"about":[{"href":"https:\/\/voltaswiss.ch\/de\/wp-json\/wp\/v2\/types\/product"}],"wp:featuredmedia":[{"embeddable":true,"href":"https:\/\/voltaswiss.ch\/de\/wp-json\/wp\/v2\/media\/11597"}],"wp:attachment":[{"href":"https:\/\/voltaswiss.ch\/de\/wp-json\/wp\/v2\/media?parent=11596"}],"wp:term":[{"taxonomy":"product_brand","embeddable":true,"href":"https:\/\/voltaswiss.ch\/de\/wp-json\/wp\/v2\/product_brand?post=11596"},{"taxonomy":"product_cat","embeddable":true,"href":"https:\/\/voltaswiss.ch\/de\/wp-json\/wp\/v2\/product_cat?post=11596"},{"taxonomy":"product_tag","embeddable":true,"href":"https:\/\/voltaswiss.ch\/de\/wp-json\/wp\/v2\/product_tag?post=11596"}],"curies":[{"name":"wp","href":"https:\/\/api.w.org\/{rel}","templated":true}]}}