{"id":4792,"date":"2023-03-23T15:19:31","date_gmt":"2023-03-23T14:19:31","guid":{"rendered":"https:\/\/volta-swiss.ch\/?post_type=product&#038;p=4792"},"modified":"2026-03-05T13:46:20","modified_gmt":"2026-03-05T12:46:20","slug":"onduleur-12kw","status":"publish","type":"product","link":"https:\/\/voltaswiss.ch\/de\/produit\/onduleur-12kw\/","title":{"rendered":"Onduleur hybride 12kW triphas\u00e9 basse tension"},"content":{"rendered":"<p><!--StartFragment --><\/p>\n<p>Onduleur hybride triphas\u00e9 <strong>12\u202fkW<\/strong> con\u00e7u pour les installations r\u00e9sidentielles et tertiaires n\u00e9cessitant une gestion \u00e9nerg\u00e9tique avanc\u00e9e. Il accepte jusqu\u2019\u00e0 <strong>15,6\u202fkW<\/strong> de puissance PV et fonctionne avec des batteries basse tension <strong>40\u201360\u202fV<\/strong>. Son rendement \u00e9lev\u00e9 (<strong>97,6\u202f%<\/strong>, MPPT <strong>99,9\u202f%<\/strong>) optimise la production, tandis que sa conception <strong>IP65<\/strong> et son \u00e9cran tactile couleur facilitent l\u2019int\u00e9gration sur site.<\/p>\n<p><!--StartFragment --><\/p>\n<h4><strong>Points cl\u00e9s<\/strong><\/h4>\n<ul>\n<li>Puissance AC nominale : <strong>12\u202fkW<\/strong>, cr\u00eate 2\u00d7 pendant 10\u202fs<\/li>\n<li>Puissance PV max : <strong>15\u202f600\u202fW<\/strong><\/li>\n<li>Batterie basse tension : <strong>40\u201360\u202fV<\/strong>, charge\/d\u00e9charge <strong>240\u202fA<\/strong><\/li>\n<li>2 MPPT, 3 entr\u00e9es PV (26\u202fA + 13\u202fA)<\/li>\n<li>Fonctionnement en parall\u00e8le jusqu\u2019\u00e0 <strong>10 unit\u00e9s<\/strong> (on\u2011grid\/off\u2011grid)<\/li>\n<li>6 plages horaires de charge\/d\u00e9charge programmables<\/li>\n<li>Compatible DC\u2011coupled et AC\u2011coupled (retrofit)<\/li>\n<li>Communication BMS : <strong>RS485 \/ CAN<\/strong><\/li>\n<li>Protection <strong>IP65<\/strong>, refroidissement intelligent, bruit &lt;45\u202fdB<\/li>\n<\/ul>\n<h4><strong>S\u00e9curit\u00e9 &amp; conformit\u00e9<\/strong><\/h4>\n<ul>\n<li>Protections int\u00e9gr\u00e9es : surtension, surintensit\u00e9, court\u2011circuit, anti\u2011\u00eelotage, d\u00e9tection d\u2019isolement, parafoudre DC\/AC Type II\/III.<br \/>\nCertifications : VDE4105, EN50549\u20111, CEI 0\u201121, AS4777.2, G98\/G99, etc<\/li>\n<\/ul>\n<p><!--EndFragment --><\/p>\n<p><!--EndFragment --><\/p>\n","protected":false},"excerpt":{"rendered":"<p>Onduleur hybride triphas\u00e9 12\u202fkW con\u00e7u pour les installations r\u00e9sidentielles et tertiaires n\u00e9cessitant une gestion \u00e9nerg\u00e9tique avanc\u00e9e. Il accepte jusqu\u2019\u00e0 15,6\u202fkW de puissance PV et fonctionne avec des batteries basse tension 40\u201360\u202fV. Son rendement \u00e9lev\u00e9 (97,6\u202f%, MPPT 99,9\u202f%) optimise la production, tandis que sa conception IP65 et son \u00e9cran tactile couleur facilitent l\u2019int\u00e9gration sur site. Points [&hellip;]<\/p>\n","protected":false},"featured_media":5028,"template":"","meta":{"_uag_custom_page_level_css":"","site-sidebar-layout":"default","site-content-layout":"default","ast-site-content-layout":"default","site-content-style":"default","site-sidebar-style":"default","ast-global-header-display":"","ast-banner-title-visibility":"","ast-main-header-display":"","ast-hfb-above-header-display":"","ast-hfb-below-header-display":"","ast-hfb-mobile-header-display":"","site-post-title":"","ast-breadcrumbs-content":"","ast-featured-img":"","footer-sml-layout":"","theme-transparent-header-meta":"default","adv-header-id-meta":"","stick-header-meta":"","header-above-stick-meta":"","header-main-stick-meta":"","header-below-stick-meta":"","astra-migrate-meta-layouts":"set","ast-page-background-enabled":"default","ast-page-background-meta":{"desktop":{"background-color":"var(--ast-global-color-4)","background-image":"","background-repeat":"repeat","background-position":"center center","background-size":"auto","background-attachment":"scroll","background-type":"","background-media":"","overlay-type":"","overlay-color":"","overlay-opacity":"","overlay-gradient":""},"tablet":{"background-color":"","background-image":"","background-repeat":"repeat","background-position":"center center","background-size":"auto","background-attachment":"scroll","background-type":"","background-media":"","overlay-type":"","overlay-color":"","overlay-opacity":"","overlay-gradient":""},"mobile":{"background-color":"","background-image":"","background-repeat":"repeat","background-position":"center center","background-size":"auto","background-attachment":"scroll","background-type":"","background-media":"","overlay-type":"","overlay-color":"","overlay-opacity":"","overlay-gradient":""}},"ast-content-background-meta":{"desktop":{"background-color":"var(--ast-global-color-5)","background-image":"","background-repeat":"repeat","background-position":"center center","background-size":"auto","background-attachment":"scroll","background-type":"","background-media":"","overlay-type":"","overlay-color":"","overlay-opacity":"","overlay-gradient":""},"tablet":{"background-color":"var(--ast-global-color-5)","background-image":"","background-repeat":"repeat","background-position":"center center","background-size":"auto","background-attachment":"scroll","background-type":"","background-media":"","overlay-type":"","overlay-color":"","overlay-opacity":"","overlay-gradient":""},"mobile":{"background-color":"var(--ast-global-color-5)","background-image":"","background-repeat":"repeat","background-position":"center center","background-size":"auto","background-attachment":"scroll","background-type":"","background-media":"","overlay-type":"","overlay-color":"","overlay-opacity":"","overlay-gradient":""}},"pgc_sgb_lightbox_settings":""},"product_brand":[],"product_cat":[41,87],"product_tag":[204,48],"class_list":{"0":"post-4792","1":"product","2":"type-product","3":"status-publish","4":"has-post-thumbnail","6":"product_cat-onduleurs-solaires","7":"product_cat-onduleurs-hybrides","8":"product_tag-basse-tension","9":"product_tag-triphase","10":"desktop-align-center","11":"tablet-align-center","12":"mobile-align-center","14":"first","15":"instock","16":"taxable","17":"shipping-taxable","18":"product-type-simple"},"uagb_featured_image_src":{"full":["https:\/\/voltaswiss.ch\/wp-content\/uploads\/2023\/03\/onduleur-solaire-10-12kw.jpg",700,700,false],"thumbnail":["https:\/\/voltaswiss.ch\/wp-content\/uploads\/2023\/03\/onduleur-solaire-10-12kw-150x150.jpg",150,150,true],"medium":["https:\/\/voltaswiss.ch\/wp-content\/uploads\/2023\/03\/onduleur-solaire-10-12kw-300x300.jpg",300,300,true],"medium_large":["https:\/\/voltaswiss.ch\/wp-content\/uploads\/2023\/03\/onduleur-solaire-10-12kw.jpg",700,700,false],"large":["https:\/\/voltaswiss.ch\/wp-content\/uploads\/2023\/03\/onduleur-solaire-10-12kw.jpg",700,700,false],"1536x1536":["https:\/\/voltaswiss.ch\/wp-content\/uploads\/2023\/03\/onduleur-solaire-10-12kw.jpg",700,700,false],"2048x2048":["https:\/\/voltaswiss.ch\/wp-content\/uploads\/2023\/03\/onduleur-solaire-10-12kw.jpg",700,700,false],"gform-image-choice-sm":["https:\/\/voltaswiss.ch\/wp-content\/uploads\/2023\/03\/onduleur-solaire-10-12kw.jpg",300,300,false],"gform-image-choice-md":["https:\/\/voltaswiss.ch\/wp-content\/uploads\/2023\/03\/onduleur-solaire-10-12kw.jpg",400,400,false],"gform-image-choice-lg":["https:\/\/voltaswiss.ch\/wp-content\/uploads\/2023\/03\/onduleur-solaire-10-12kw.jpg",600,600,false],"woocommerce_thumbnail":["https:\/\/voltaswiss.ch\/wp-content\/uploads\/2023\/03\/onduleur-solaire-10-12kw-300x300.jpg",300,300,true],"woocommerce_single":["https:\/\/voltaswiss.ch\/wp-content\/uploads\/2023\/03\/onduleur-solaire-10-12kw-600x600.jpg",600,600,true],"woocommerce_gallery_thumbnail":["https:\/\/voltaswiss.ch\/wp-content\/uploads\/2023\/03\/onduleur-solaire-10-12kw-100x100.jpg",100,100,true]},"uagb_author_info":{"display_name":"webmaster","author_link":"https:\/\/voltaswiss.ch\/de\/author\/"},"uagb_comment_info":0,"uagb_excerpt":"Onduleur hybride triphas\u00e9 12\u202fkW con\u00e7u pour les installations r\u00e9sidentielles et tertiaires n\u00e9cessitant une gestion \u00e9nerg\u00e9tique avanc\u00e9e. Il accepte jusqu\u2019\u00e0 15,6\u202fkW de puissance PV et fonctionne avec des batteries basse tension 40\u201360\u202fV. Son rendement \u00e9lev\u00e9 (97,6\u202f%, MPPT 99,9\u202f%) optimise la production, tandis que sa conception IP65 et son \u00e9cran tactile couleur facilitent l\u2019int\u00e9gration sur site. Points&hellip;","_links":{"self":[{"href":"https:\/\/voltaswiss.ch\/de\/wp-json\/wp\/v2\/product\/4792","targetHints":{"allow":["GET"]}}],"collection":[{"href":"https:\/\/voltaswiss.ch\/de\/wp-json\/wp\/v2\/product"}],"about":[{"href":"https:\/\/voltaswiss.ch\/de\/wp-json\/wp\/v2\/types\/product"}],"wp:featuredmedia":[{"embeddable":true,"href":"https:\/\/voltaswiss.ch\/de\/wp-json\/wp\/v2\/media\/5028"}],"wp:attachment":[{"href":"https:\/\/voltaswiss.ch\/de\/wp-json\/wp\/v2\/media?parent=4792"}],"wp:term":[{"taxonomy":"product_brand","embeddable":true,"href":"https:\/\/voltaswiss.ch\/de\/wp-json\/wp\/v2\/product_brand?post=4792"},{"taxonomy":"product_cat","embeddable":true,"href":"https:\/\/voltaswiss.ch\/de\/wp-json\/wp\/v2\/product_cat?post=4792"},{"taxonomy":"product_tag","embeddable":true,"href":"https:\/\/voltaswiss.ch\/de\/wp-json\/wp\/v2\/product_tag?post=4792"}],"curies":[{"name":"wp","href":"https:\/\/api.w.org\/{rel}","templated":true}]}}