{"id":8852,"date":"2023-04-28T00:16:01","date_gmt":"2023-04-27T22:16:01","guid":{"rendered":"https:\/\/voltaswiss.ch\/produit\/wifi-dongle-fuer-solar-wechselrichter-der-xg-serie\/"},"modified":"2024-06-10T21:48:37","modified_gmt":"2024-06-10T19:48:37","slug":"wifi-dongle-fuer-solar-wechselrichter-der-xg-serie","status":"publish","type":"product","link":"https:\/\/voltaswiss.ch\/de\/produit\/wifi-dongle-fuer-solar-wechselrichter-der-xg-serie\/","title":{"rendered":"WIFI-Dongle f\u00fcr Solar-Wechselrichter der XG-Serie"},"content":{"rendered":"<div id=\"tw-target-text-container\" class=\"tw-ta-container F0azHf tw-nfl\">\n<div id=\"tw-target-text-container\" class=\"tw-ta-container F0azHf tw-nfl\">\n<pre id=\"tw-target-text\" class=\"tw-data-text tw-text-large tw-ta\" dir=\"ltr\" data-placeholder=\"Translation\"><span class=\"Y2IQFc\" lang=\"fr\">Caract\u00e9ristiques\nInformations g\u00e9n\u00e9rales\n\nCapacit\u00e9s\nClassement IP: IP66\nLes conditions de travail: -30\u00b0C \u00e0 +70\u00b0C\n\nDimensions\nTaille: 127,5 x 46,12 x 27,12 mm\nDonn\u00e9es du produit\nCode de commande: 11528\nCode produit: VT-660000\nArticles par paquet: 1\nPoids de l'article: 0,14\nArticles par bo\u00eete: 1\nCode EAN: 3800157693851\n\nCertificats et normes\n\nCertificat\nCE, CEM, ROHS\n\nSuppl\u00e9mentaire\nDate de sortie: 11.01.2023\nMarque: V-TAC<\/span><\/pre>\n<\/div>\n<\/div>\n","protected":false},"excerpt":{"rendered":"<p>Caract\u00e9ristiques Informations g\u00e9n\u00e9rales Capacit\u00e9s Classement IP: IP66 Les conditions de travail: -30\u00b0C \u00e0 +70\u00b0C Dimensions Taille: 127,5 x 46,12 x 27,12 mm Donn\u00e9es du produit Code de commande: 11528 Code produit: VT-660000 Articles par paquet: 1 Poids de l&#8217;article: 0,14 Articles par bo\u00eete: 1 Code EAN: 3800157693851 Certificats et normes Certificat CE, CEM, ROHS Suppl\u00e9mentaire [&hellip;]<\/p>\n","protected":false},"featured_media":6579,"template":"","meta":{"_uag_custom_page_level_css":"","site-sidebar-layout":"default","site-content-layout":"default","ast-site-content-layout":"","site-content-style":"default","site-sidebar-style":"default","ast-global-header-display":"","ast-banner-title-visibility":"","ast-main-header-display":"","ast-hfb-above-header-display":"","ast-hfb-below-header-display":"","ast-hfb-mobile-header-display":"","site-post-title":"","ast-breadcrumbs-content":"","ast-featured-img":"","footer-sml-layout":"","theme-transparent-header-meta":"default","adv-header-id-meta":"","stick-header-meta":"","header-above-stick-meta":"","header-main-stick-meta":"","header-below-stick-meta":"","astra-migrate-meta-layouts":"default","ast-page-background-enabled":"default","ast-page-background-meta":{"desktop":{"background-color":"var(--ast-global-color-4)","background-image":"","background-repeat":"repeat","background-position":"center center","background-size":"auto","background-attachment":"scroll","background-type":"","background-media":"","overlay-type":"","overlay-color":"","overlay-opacity":"","overlay-gradient":""},"tablet":{"background-color":"","background-image":"","background-repeat":"repeat","background-position":"center center","background-size":"auto","background-attachment":"scroll","background-type":"","background-media":"","overlay-type":"","overlay-color":"","overlay-opacity":"","overlay-gradient":""},"mobile":{"background-color":"","background-image":"","background-repeat":"repeat","background-position":"center center","background-size":"auto","background-attachment":"scroll","background-type":"","background-media":"","overlay-type":"","overlay-color":"","overlay-opacity":"","overlay-gradient":""}},"ast-content-background-meta":{"desktop":{"background-color":"var(--ast-global-color-5)","background-image":"","background-repeat":"repeat","background-position":"center center","background-size":"auto","background-attachment":"scroll","background-type":"","background-media":"","overlay-type":"","overlay-color":"","overlay-opacity":"","overlay-gradient":""},"tablet":{"background-color":"var(--ast-global-color-5)","background-image":"","background-repeat":"repeat","background-position":"center center","background-size":"auto","background-attachment":"scroll","background-type":"","background-media":"","overlay-type":"","overlay-color":"","overlay-opacity":"","overlay-gradient":""},"mobile":{"background-color":"var(--ast-global-color-5)","background-image":"","background-repeat":"repeat","background-position":"center center","background-size":"auto","background-attachment":"scroll","background-type":"","background-media":"","overlay-type":"","overlay-color":"","overlay-opacity":"","overlay-gradient":""}},"pgc_sgb_lightbox_settings":""},"product_brand":[],"product_cat":[129,130],"product_tag":[],"class_list":{"0":"post-8852","1":"product","2":"type-product","3":"status-publish","4":"has-post-thumbnail","6":"product_cat-zubehor","7":"product_cat-zubehor-elektrische-gerate","8":"desktop-align-center","9":"tablet-align-center","10":"mobile-align-center","12":"first","13":"onbackorder","14":"taxable","15":"shipping-taxable","16":"product-type-simple"},"uagb_featured_image_src":{"full":["https:\/\/voltaswiss.ch\/wp-content\/uploads\/2023\/04\/11528.jpg",700,700,false],"thumbnail":["https:\/\/voltaswiss.ch\/wp-content\/uploads\/2023\/04\/11528-150x150.jpg",150,150,true],"medium":["https:\/\/voltaswiss.ch\/wp-content\/uploads\/2023\/04\/11528-300x300.jpg",300,300,true],"medium_large":["https:\/\/voltaswiss.ch\/wp-content\/uploads\/2023\/04\/11528.jpg",700,700,false],"large":["https:\/\/voltaswiss.ch\/wp-content\/uploads\/2023\/04\/11528.jpg",700,700,false],"1536x1536":["https:\/\/voltaswiss.ch\/wp-content\/uploads\/2023\/04\/11528.jpg",700,700,false],"2048x2048":["https:\/\/voltaswiss.ch\/wp-content\/uploads\/2023\/04\/11528.jpg",700,700,false],"gform-image-choice-sm":["https:\/\/voltaswiss.ch\/wp-content\/uploads\/2023\/04\/11528.jpg",300,300,false],"gform-image-choice-md":["https:\/\/voltaswiss.ch\/wp-content\/uploads\/2023\/04\/11528.jpg",400,400,false],"gform-image-choice-lg":["https:\/\/voltaswiss.ch\/wp-content\/uploads\/2023\/04\/11528.jpg",600,600,false],"woocommerce_thumbnail":["https:\/\/voltaswiss.ch\/wp-content\/uploads\/2023\/04\/11528-300x300.jpg",300,300,true],"woocommerce_single":["https:\/\/voltaswiss.ch\/wp-content\/uploads\/2023\/04\/11528-600x600.jpg",600,600,true],"woocommerce_gallery_thumbnail":["https:\/\/voltaswiss.ch\/wp-content\/uploads\/2023\/04\/11528-100x100.jpg",100,100,true]},"uagb_author_info":{"display_name":"Norbert Nemes","author_link":"https:\/\/voltaswiss.ch\/de\/author\/"},"uagb_comment_info":0,"uagb_excerpt":"Caract\u00e9ristiques Informations g\u00e9n\u00e9rales Capacit\u00e9s Classement IP: IP66 Les conditions de travail: -30\u00b0C \u00e0 +70\u00b0C Dimensions Taille: 127,5 x 46,12 x 27,12 mm Donn\u00e9es du produit Code de commande: 11528 Code produit: VT-660000 Articles par paquet: 1 Poids de l'article: 0,14 Articles par bo\u00eete: 1 Code EAN: 3800157693851 Certificats et normes Certificat CE, CEM, ROHS Suppl\u00e9mentaire&hellip;","_links":{"self":[{"href":"https:\/\/voltaswiss.ch\/de\/wp-json\/wp\/v2\/product\/8852","targetHints":{"allow":["GET"]}}],"collection":[{"href":"https:\/\/voltaswiss.ch\/de\/wp-json\/wp\/v2\/product"}],"about":[{"href":"https:\/\/voltaswiss.ch\/de\/wp-json\/wp\/v2\/types\/product"}],"wp:featuredmedia":[{"embeddable":true,"href":"https:\/\/voltaswiss.ch\/de\/wp-json\/wp\/v2\/media\/6579"}],"wp:attachment":[{"href":"https:\/\/voltaswiss.ch\/de\/wp-json\/wp\/v2\/media?parent=8852"}],"wp:term":[{"taxonomy":"product_brand","embeddable":true,"href":"https:\/\/voltaswiss.ch\/de\/wp-json\/wp\/v2\/product_brand?post=8852"},{"taxonomy":"product_cat","embeddable":true,"href":"https:\/\/voltaswiss.ch\/de\/wp-json\/wp\/v2\/product_cat?post=8852"},{"taxonomy":"product_tag","embeddable":true,"href":"https:\/\/voltaswiss.ch\/de\/wp-json\/wp\/v2\/product_tag?post=8852"}],"curies":[{"name":"wp","href":"https:\/\/api.w.org\/{rel}","templated":true}]}}