{"id":8859,"date":"2023-12-28T21:57:19","date_gmt":"2023-12-28T20:57:19","guid":{"rendered":"https:\/\/voltaswiss.ch\/produit\/hydrogen-power-speicher-power\/"},"modified":"2024-06-10T21:12:39","modified_gmt":"2024-06-10T19:12:39","slug":"hydrogen-power-speicher-power","status":"publish","type":"product","link":"https:\/\/voltaswiss.ch\/de\/produit\/hydrogen-power-speicher-power\/","title":{"rendered":"Hydrogen Power ( Speicher &amp; Power )"},"content":{"rendered":"<p>Speichern Sie elektrische Energie dort, wo Sie sie ben\u00f6tigen.<br \/>\nDie DASH-Versorgungssysteme sind voll integrierte, containerisierte Systeme, die den exklusiven Feststoff-Wasserstoffspeicher von GRZ Technologies mit Brennstoffzellensystemen in Automobilqualit\u00e4t und Hilfskomponenten kombinieren. Sie werden mit Wasserstoff aus einer beliebigen Quelle geladen und liefern auf Abruf elektrische Energie f\u00fcr Ihre Anwendung. DASH Power setzt die M\u00f6glichkeiten der Speicherung von Strom auf der Basis von Wasserstoff frei. Ob effiziente und erschwingliche Stromerzeugung, verbessertes Netzmanagement, Systemdienstleistungen oder andere Anwendungen, unsere Technologie erm\u00f6glicht es Ihnen, gro\u00dfe Mengen elektrischer Energie dort zu speichern, wo Sie sie ben\u00f6tigen.<\/p>\n<p>&nbsp;<\/p>\n<p>Preis auf Anfrage \/ Ask for our quotation =&gt; contact form: https:\/\/voltaswiss.ch\/contact\/<\/p>\n<div class=\"elementor-element elementor-element-6616e1e elementor-widget__width-inherit elementor-widget elementor-widget-heading\" data-id=\"6616e1e\" data-element_type=\"widget\" data-widget_type=\"heading.default\">\n<div class=\"elementor-widget-container\">\n<h2 class=\"elementor-heading-title elementor-size-default\">Verf\u00fcgbare Versionen:<\/h2>\n<p>&nbsp;<\/p>\n<\/div>\n<\/div>\n<div class=\"elementor-element elementor-element-d9160a5 elementor-widget__width-initial elementor-cta--skin-classic elementor-animated-content elementor-bg-transform elementor-bg-transform-zoom-in elementor-widget elementor-widget-call-to-action\" data-id=\"d9160a5\" data-element_type=\"widget\" data-widget_type=\"call-to-action.default\">\n<div class=\"elementor-widget-container\">\n<div class=\"elementor-cta\">\n<div class=\"elementor-cta__content\">\n<h3 class=\"elementor-cta__title elementor-cta__content-item elementor-content-item\">DASH-175-900<\/h3>\n<div class=\"elementor-cta__description elementor-cta__content-item elementor-content-item\">Elektrische Spitzenleistung: 175 kW<br \/>\nElectrical Cont. Leistung: 75 kW<br \/>\nSpeicherkapazit\u00e4t: 45 <sub>kgH2<\/sub> \/ 0,9 <sub>MWhe<\/sub><br \/>\nMax. Betriebszeit bei 100% Last: 12.0 h<\/div>\n<\/div>\n<\/div>\n<\/div>\n<\/div>\n<div class=\"elementor-element elementor-element-998477b elementor-widget__width-initial elementor-cta--skin-classic elementor-animated-content elementor-bg-transform elementor-bg-transform-zoom-in elementor-widget elementor-widget-call-to-action\" data-id=\"998477b\" data-element_type=\"widget\" data-widget_type=\"call-to-action.default\">\n<div class=\"elementor-widget-container\">\n<div class=\"elementor-cta\">\n<div class=\"elementor-cta__content\">\n<h3 class=\"elementor-cta__title elementor-cta__content-item elementor-content-item\">DASH-260-1800<\/h3>\n<div class=\"elementor-cta__description elementor-cta__content-item elementor-content-item\">Elektrische Spitzenleistung: 260 kW<br \/>\nElectrical Cont. Leistung: 160 kW<br \/>\nSpeicherkapazit\u00e4t: 90 <sub>kgH2<\/sub> \/ 1,8 <sub>MWhe<\/sub><br \/>\nMax. Betriebszeit bei 100% Last: 11.3 h<\/div>\n<\/div>\n<\/div>\n<\/div>\n<\/div>\n<div class=\"elementor-element elementor-element-c44c1f0 elementor-widget__width-initial elementor-cta--skin-classic elementor-animated-content elementor-bg-transform elementor-bg-transform-zoom-in elementor-widget elementor-widget-call-to-action\" data-id=\"c44c1f0\" data-element_type=\"widget\" data-widget_type=\"call-to-action.default\">\n<div class=\"elementor-widget-container\">\n<div class=\"elementor-cta\">\n<div class=\"elementor-cta__content\">\n<h3 class=\"elementor-cta__title elementor-cta__content-item elementor-content-item\">DASH-400-2700<\/h3>\n<div class=\"elementor-cta__description elementor-cta__content-item elementor-content-item\">Elektrische Spitzenleistung: 400 kW<br \/>\nElectrical Cont. Leistung: 240 kW<br \/>\nSpeicherkapazit\u00e4t: 135 <sub>kgH2<\/sub> \/ 2.7 <sub>MWhe<\/sub><br \/>\nMax. Betriebszeit bei 100% Last: 11.3 h<\/div>\n<\/div>\n<\/div>\n<\/div>\n<\/div>\n<div class=\"elementor-element elementor-element-9ee9cd8 elementor-widget__width-initial elementor-cta--skin-classic elementor-animated-content elementor-bg-transform elementor-bg-transform-zoom-in elementor-widget elementor-widget-call-to-action\" data-id=\"9ee9cd8\" data-element_type=\"widget\" data-widget_type=\"call-to-action.default\">\n<div class=\"elementor-widget-container\">\n<div class=\"elementor-cta\">\n<div class=\"elementor-cta__content\">\n<h3 class=\"elementor-cta__title elementor-cta__content-item elementor-content-item\">DASH-500-3500<\/h3>\n<div class=\"elementor-cta__description elementor-cta__content-item elementor-content-item\">Elektrische Spitzenleistung: 500kW<br \/>\nElectrical Cont. Leistung: 320 kW<br \/>\nSpeicherkapazit\u00e4t: 175 <sub>kgH2<\/sub> \/ 3,5 <sub>MWhe<\/sub><br \/>\nMax. Betriebszeit bei 100% Last: 10.9 h<\/div>\n<\/div>\n<\/div>\n<\/div>\n<\/div>\n<div class=\"elementor-element elementor-element-9e6a718 elementor-widget__width-initial elementor-cta--skin-classic elementor-animated-content elementor-bg-transform elementor-bg-transform-zoom-in elementor-widget elementor-widget-call-to-action\" data-id=\"9e6a718\" data-element_type=\"widget\" data-widget_type=\"call-to-action.default\">\n<div class=\"elementor-widget-container\">\n<div class=\"elementor-cta\">\n<div class=\"elementor-cta__content\">\n<h3 class=\"elementor-cta__title elementor-cta__content-item elementor-content-item\">DASH-500-4500<\/h3>\n<div class=\"elementor-cta__description elementor-cta__content-item elementor-content-item\">Elektrische Spitzenleistung: 500 kW<br \/>\nElectrical Cont. Leistung: 340 kW<br \/>\nSpeicherkapazit\u00e4t: 225 <sub>kgH2<\/sub> \/ 4,5 <sub>MWhe<\/sub><br \/>\nMax. Betriebszeit bei 100% Last: 14.0 h<\/div>\n<\/div>\n<\/div>\n<\/div>\n<\/div>\n","protected":false},"excerpt":{"rendered":"<p><a href=\"https:\/\/voltaswiss.ch\/wp-content\/uploads\/2023\/12\/Brochure_DASH_Power_MAM-1903_Rev02_compressed.pdf\">Brosch\u00fcre_DASH_Power_MAM-1903_Rev02_compressed<\/a><\/p>\n","protected":false},"featured_media":9448,"template":"","meta":{"_uag_custom_page_level_css":"","site-sidebar-layout":"default","site-content-layout":"default","ast-site-content-layout":"default","site-content-style":"default","site-sidebar-style":"default","ast-global-header-display":"","ast-banner-title-visibility":"","ast-main-header-display":"","ast-hfb-above-header-display":"","ast-hfb-below-header-display":"","ast-hfb-mobile-header-display":"","site-post-title":"","ast-breadcrumbs-content":"","ast-featured-img":"","footer-sml-layout":"","theme-transparent-header-meta":"default","adv-header-id-meta":"","stick-header-meta":"","header-above-stick-meta":"","header-main-stick-meta":"","header-below-stick-meta":"","astra-migrate-meta-layouts":"default","ast-page-background-enabled":"default","ast-page-background-meta":{"desktop":{"background-color":"var(--ast-global-color-4)","background-image":"","background-repeat":"repeat","background-position":"center center","background-size":"auto","background-attachment":"scroll","background-type":"","background-media":"","overlay-type":"","overlay-color":"","overlay-opacity":"","overlay-gradient":""},"tablet":{"background-color":"","background-image":"","background-repeat":"repeat","background-position":"center center","background-size":"auto","background-attachment":"scroll","background-type":"","background-media":"","overlay-type":"","overlay-color":"","overlay-opacity":"","overlay-gradient":""},"mobile":{"background-color":"","background-image":"","background-repeat":"repeat","background-position":"center center","background-size":"auto","background-attachment":"scroll","background-type":"","background-media":"","overlay-type":"","overlay-color":"","overlay-opacity":"","overlay-gradient":""}},"ast-content-background-meta":{"desktop":{"background-color":"var(--ast-global-color-5)","background-image":"","background-repeat":"repeat","background-position":"center center","background-size":"auto","background-attachment":"scroll","background-type":"","background-media":"","overlay-type":"","overlay-color":"","overlay-opacity":"","overlay-gradient":""},"tablet":{"background-color":"var(--ast-global-color-5)","background-image":"","background-repeat":"repeat","background-position":"center center","background-size":"auto","background-attachment":"scroll","background-type":"","background-media":"","overlay-type":"","overlay-color":"","overlay-opacity":"","overlay-gradient":""},"mobile":{"background-color":"var(--ast-global-color-5)","background-image":"","background-repeat":"repeat","background-position":"center center","background-size":"auto","background-attachment":"scroll","background-type":"","background-media":"","overlay-type":"","overlay-color":"","overlay-opacity":"","overlay-gradient":""}},"pgc_sgb_lightbox_settings":""},"product_brand":[],"product_cat":[178],"product_tag":[],"class_list":{"0":"post-8859","1":"product","2":"type-product","3":"status-publish","4":"has-post-thumbnail","6":"product_cat-wasserstoffkraftprodukte","7":"desktop-align-center","8":"tablet-align-center","9":"mobile-align-center","11":"first","12":"instock","13":"taxable","14":"shipping-taxable","15":"product-type-simple"},"uagb_featured_image_src":{"full":["https:\/\/voltaswiss.ch\/wp-content\/uploads\/2023\/12\/2024_02_21_DASH_Power-396x360-1.jpg",397,397,false],"thumbnail":["https:\/\/voltaswiss.ch\/wp-content\/uploads\/2023\/12\/2024_02_21_DASH_Power-396x360-1-150x150.jpg",150,150,true],"medium":["https:\/\/voltaswiss.ch\/wp-content\/uploads\/2023\/12\/2024_02_21_DASH_Power-396x360-1-300x300.jpg",300,300,true],"medium_large":["https:\/\/voltaswiss.ch\/wp-content\/uploads\/2023\/12\/2024_02_21_DASH_Power-396x360-1.jpg",397,397,false],"large":["https:\/\/voltaswiss.ch\/wp-content\/uploads\/2023\/12\/2024_02_21_DASH_Power-396x360-1.jpg",397,397,false],"1536x1536":["https:\/\/voltaswiss.ch\/wp-content\/uploads\/2023\/12\/2024_02_21_DASH_Power-396x360-1.jpg",397,397,false],"2048x2048":["https:\/\/voltaswiss.ch\/wp-content\/uploads\/2023\/12\/2024_02_21_DASH_Power-396x360-1.jpg",397,397,false],"gform-image-choice-sm":["https:\/\/voltaswiss.ch\/wp-content\/uploads\/2023\/12\/2024_02_21_DASH_Power-396x360-1.jpg",300,300,false],"gform-image-choice-md":["https:\/\/voltaswiss.ch\/wp-content\/uploads\/2023\/12\/2024_02_21_DASH_Power-396x360-1.jpg",397,397,false],"gform-image-choice-lg":["https:\/\/voltaswiss.ch\/wp-content\/uploads\/2023\/12\/2024_02_21_DASH_Power-396x360-1.jpg",397,397,false],"woocommerce_thumbnail":["https:\/\/voltaswiss.ch\/wp-content\/uploads\/2023\/12\/2024_02_21_DASH_Power-396x360-1-300x300.jpg",300,300,true],"woocommerce_single":["https:\/\/voltaswiss.ch\/wp-content\/uploads\/2023\/12\/2024_02_21_DASH_Power-396x360-1.jpg",397,397,false],"woocommerce_gallery_thumbnail":["https:\/\/voltaswiss.ch\/wp-content\/uploads\/2023\/12\/2024_02_21_DASH_Power-396x360-1-100x100.jpg",100,100,true]},"uagb_author_info":{"display_name":"Norbert Nemes","author_link":"https:\/\/voltaswiss.ch\/de\/author\/"},"uagb_comment_info":0,"uagb_excerpt":"Brosch\u00fcre_DASH_Power_MAM-1903_Rev02_compressed","_links":{"self":[{"href":"https:\/\/voltaswiss.ch\/de\/wp-json\/wp\/v2\/product\/8859","targetHints":{"allow":["GET"]}}],"collection":[{"href":"https:\/\/voltaswiss.ch\/de\/wp-json\/wp\/v2\/product"}],"about":[{"href":"https:\/\/voltaswiss.ch\/de\/wp-json\/wp\/v2\/types\/product"}],"wp:featuredmedia":[{"embeddable":true,"href":"https:\/\/voltaswiss.ch\/de\/wp-json\/wp\/v2\/media\/9448"}],"wp:attachment":[{"href":"https:\/\/voltaswiss.ch\/de\/wp-json\/wp\/v2\/media?parent=8859"}],"wp:term":[{"taxonomy":"product_brand","embeddable":true,"href":"https:\/\/voltaswiss.ch\/de\/wp-json\/wp\/v2\/product_brand?post=8859"},{"taxonomy":"product_cat","embeddable":true,"href":"https:\/\/voltaswiss.ch\/de\/wp-json\/wp\/v2\/product_cat?post=8859"},{"taxonomy":"product_tag","embeddable":true,"href":"https:\/\/voltaswiss.ch\/de\/wp-json\/wp\/v2\/product_tag?post=8859"}],"curies":[{"name":"wp","href":"https:\/\/api.w.org\/{rel}","templated":true}]}}