{"id":8868,"date":"2023-12-28T21:36:27","date_gmt":"2023-12-28T20:36:27","guid":{"rendered":"https:\/\/voltaswiss.ch\/produit\/lagerung-von-wasserstoff\/"},"modified":"2023-12-28T21:36:27","modified_gmt":"2023-12-28T20:36:27","slug":"lagerung-von-wasserstoff","status":"publish","type":"product","link":"https:\/\/voltaswiss.ch\/de\/produit\/lagerung-von-wasserstoff\/","title":{"rendered":"Lagerung von Wasserstoff"},"content":{"rendered":"<table class=\"htb-table \">\n<thead>\n<tr>\n<th class=\"elementor-repeater-item-299645b\">DASH STORAGE<\/th>\n<th class=\"elementor-repeater-item-287a9d7\">M3<\/th>\n<th class=\"elementor-repeater-item-23b77e4\">M45<\/th>\n<\/tr>\n<\/thead>\n<tbody>\n<tr>\n<td class=\"elementor-repeater-item-64f3d26\">Speicherkapazit\u00e4t<\/td>\n<td class=\"elementor-repeater-item-e1a4fce\">3 kg.<\/td>\n<td class=\"elementor-repeater-item-a59e8e4\">45 kg.<\/td>\n<\/tr>\n<tr>\n<td class=\"elementor-repeater-item-2bb600d\">Maximaler Ladungsfluss bei 20 \u00b0C<\/td>\n<td class=\"elementor-repeater-item-9c5718f\">0.08 kg\/Std.<\/td>\n<td class=\"elementor-repeater-item-4ee691f\">1.2 kg\/Std.<\/td>\n<\/tr>\n<tr>\n<td class=\"elementor-repeater-item-6a9d87b\">Maximaler Abfluss bei 20 \u00b0C<\/td>\n<td class=\"elementor-repeater-item-04b0479\">0.08 kg\/Std.<\/td>\n<td class=\"elementor-repeater-item-a22823c\">1.2 kg\/Std.<\/td>\n<\/tr>\n<tr>\n<td class=\"elementor-repeater-item-7faf633\">Abmessungen (LxWxH)<\/td>\n<td class=\"elementor-repeater-item-2282ecb\">1051x651x217 mm<\/td>\n<td class=\"elementor-repeater-item-7a7b93b\">2000x1090x680 mm<\/td>\n<\/tr>\n<tr>\n<td class=\"elementor-repeater-item-9c01bfe\">Gewicht<\/td>\n<td class=\"elementor-repeater-item-dc578f0\">250 kg.<\/td>\n<td class=\"elementor-repeater-item-301f72e\">3\u2019450 kg.<\/td>\n<\/tr>\n<tr>\n<td class=\"elementor-repeater-item-b75d1f3\">ATEX zones<\/td>\n<td class=\"elementor-repeater-item-5bfea3e\">None<\/td>\n<td class=\"elementor-repeater-item-c089a85\">None<\/td>\n<\/tr>\n<tr>\n<td class=\"elementor-repeater-item-0dba7d8\">L\u00e4rmemissionen<\/td>\n<td class=\"elementor-repeater-item-27b6851\">None<\/td>\n<td class=\"elementor-repeater-item-ac33b90\">None<\/td>\n<\/tr>\n<tr>\n<td class=\"elementor-repeater-item-1775254\">Empfohlener Ladedruck<\/td>\n<td class=\"elementor-repeater-item-312a5fb\">30 bis 45 bar(g)<\/td>\n<td class=\"elementor-repeater-item-45b434c\">30 bis 45 bar(g)<\/td>\n<\/tr>\n<tr>\n<td class=\"elementor-repeater-item-6c5d4e0\">Entladedruck<\/td>\n<td class=\"elementor-repeater-item-9dae87b\">1 bis 45 bar(g)<\/td>\n<td class=\"elementor-repeater-item-201d9da\">1 bis 45 bar(g)<\/td>\n<\/tr>\n<tr>\n<td class=\"elementor-repeater-item-f4e2303\">Wasserstoffversorgung Reinheit<\/td>\n<td class=\"elementor-repeater-item-dbb81c2\">4.5 (&gt; 99.995%)<\/td>\n<td class=\"elementor-repeater-item-faf17f0\">4.5 (&gt; 99.995%)<\/td>\n<\/tr>\n<tr>\n<td class=\"elementor-repeater-item-9102536\">Wasserstoffaussto\u00df Reinheit<\/td>\n<td class=\"elementor-repeater-item-30aadb0\">4.5 (&gt; 99.995%)<\/td>\n<td class=\"elementor-repeater-item-a460cd6\">4.5 (&gt; 99.995%)<\/td>\n<\/tr>\n<tr>\n<td class=\"elementor-repeater-item-bbc20ff\">Externe K\u00fchlung\/Heizung Anforderungen<\/td>\n<td class=\"elementor-repeater-item-b40287d\">None<\/td>\n<td class=\"elementor-repeater-item-8fbc610\">None<\/td>\n<\/tr>\n<tr>\n<td class=\"elementor-repeater-item-32e2f61\">Zul\u00e4ssige Umgebungstemperatur<\/td>\n<td class=\"elementor-repeater-item-fb3c542\">-5 bis +40 \u00b0C<\/td>\n<td class=\"elementor-repeater-item-260f540\">-5 bis +40 \u00b0C<\/td>\n<\/tr>\n<tr>\n<td class=\"elementor-repeater-item-8740ecb\">Erwartete Nutzungsdauer<\/td>\n<td class=\"elementor-repeater-item-0b6ca49\">&gt; 30 Jahren<\/td>\n<td class=\"elementor-repeater-item-5b246b2\">&gt; 30 Jahren<\/td>\n<\/tr>\n<\/tbody>\n<\/table>\n<p>&nbsp;<\/p>\n<p>Preis auf Anfrage &gt; : https:\/\/voltaswiss.ch\/contact\/<\/p>\n<p>&nbsp;<\/p>\n<p>Standardisierte, dichte und sparsame Wasserstoffspeicherung<br \/>\nDie DASH-Wasserstoffspeichermodule der M-Serie sind Feststoff-Wasserstoffspeichersysteme, bei denen Wasserstoff in fester atomarer Form innerhalb einer speziellen Metallstruktur gespeichert werden kann. Die Speicherung erfolgt bei niedrigem Druck, so dass keine Kompression erforderlich ist. Sie zeichnen sich durch hervorragende Sicherheitseigenschaften, eine sehr hohe volumetrische Dichte und eine besonders lange Lebensdauer aus. Die im Speichersystem verwendeten Materialien sind einfach zu handhaben, zu 100 % recycelbar und ben\u00f6tigen relativ wenig Energie f\u00fcr ihre Herstellung. Das modulare Design erm\u00f6glicht die Herstellung von Speichern, die jede gew\u00fcnschte Wasserstoffkapazit\u00e4t enthalten. Dar\u00fcber hinaus gibt es keine ATEX-Zonen um die Wasserstoffspeicher, was viele Projekte und Anwendungen erleichtert.<\/p>\n<p>&nbsp;<\/p>\n<p>Vorteile des Produkts:<\/p>\n<p>Umweltfreundliche Energiespeicherung<br \/>\nErheblich reduzierte Umweltbelastung und lange Lebensdauer. Die fehlende Komprimierung reduziert die L\u00e4rmbel\u00e4stigung und garantiert niedrige Komprimierungskosten.<\/p>\n<p>Einfache Integration<br \/>\nStandardisierte und modulare Lagermodule von 3 kgH2 und 45 kgH2, die nach Ihren Bed\u00fcrfnissen kombiniert werden k\u00f6nnen. Die Module k\u00f6nnen gestapelt werden, um die Lagerkapazit\u00e4t zu erh\u00f6hen, und das bei einem sehr geringen Platzbedarf von 135 kg auf 2 Quadratmetern.<\/p>\n<p>Keine Zyklusbegrenzungen oder Kapazit\u00e4tsverluste<br \/>\nVollst\u00e4ndig reversibler Prozess ohne Zyklusbeschr\u00e4nkung oder Abbau. Nach 10.000 Zyklen ist immer noch die volle Speicherkapazit\u00e4t verf\u00fcgbar und kann bei einem Ausgangsdruck von bis zu 45 bar zu 100 % genutzt werden.<\/p>\n<p>Sicherheit ohne Kompromisse<br \/>\nUnsere bew\u00e4hrte und patentierte Technologie zur Speicherung von Wasserstoff in festem Zustand f\u00fchrt zu hervorragenden Sicherheitseigenschaften, die eine Installation in fast jeder Umgebung, sogar in Kellern, erm\u00f6glichen.<\/p>\n","protected":false},"excerpt":{"rendered":"<p><a href=\"https:\/\/voltaswiss.ch\/wp-content\/uploads\/2023\/12\/Brochure_DASH_M-series_Hydrogen_Storage_Modules_MAM-1904_Rev01_compressed.pdf\">Brosch\u00fcre_DASH_M-series_Hydrogen_Storage_Modules_MAM-1904_Rev01_compressed<\/a><\/p>\n","protected":false},"featured_media":9445,"template":"","meta":{"_uag_custom_page_level_css":"","site-sidebar-layout":"default","site-content-layout":"default","ast-site-content-layout":"default","site-content-style":"default","site-sidebar-style":"default","ast-global-header-display":"","ast-banner-title-visibility":"","ast-main-header-display":"","ast-hfb-above-header-display":"","ast-hfb-below-header-display":"","ast-hfb-mobile-header-display":"","site-post-title":"","ast-breadcrumbs-content":"","ast-featured-img":"","footer-sml-layout":"","theme-transparent-header-meta":"default","adv-header-id-meta":"","stick-header-meta":"","header-above-stick-meta":"","header-main-stick-meta":"","header-below-stick-meta":"","astra-migrate-meta-layouts":"default","ast-page-background-enabled":"default","ast-page-background-meta":{"desktop":{"background-color":"var(--ast-global-color-4)","background-image":"","background-repeat":"repeat","background-position":"center center","background-size":"auto","background-attachment":"scroll","background-type":"","background-media":"","overlay-type":"","overlay-color":"","overlay-opacity":"","overlay-gradient":""},"tablet":{"background-color":"","background-image":"","background-repeat":"repeat","background-position":"center center","background-size":"auto","background-attachment":"scroll","background-type":"","background-media":"","overlay-type":"","overlay-color":"","overlay-opacity":"","overlay-gradient":""},"mobile":{"background-color":"","background-image":"","background-repeat":"repeat","background-position":"center center","background-size":"auto","background-attachment":"scroll","background-type":"","background-media":"","overlay-type":"","overlay-color":"","overlay-opacity":"","overlay-gradient":""}},"ast-content-background-meta":{"desktop":{"background-color":"var(--ast-global-color-5)","background-image":"","background-repeat":"repeat","background-position":"center center","background-size":"auto","background-attachment":"scroll","background-type":"","background-media":"","overlay-type":"","overlay-color":"","overlay-opacity":"","overlay-gradient":""},"tablet":{"background-color":"var(--ast-global-color-5)","background-image":"","background-repeat":"repeat","background-position":"center center","background-size":"auto","background-attachment":"scroll","background-type":"","background-media":"","overlay-type":"","overlay-color":"","overlay-opacity":"","overlay-gradient":""},"mobile":{"background-color":"var(--ast-global-color-5)","background-image":"","background-repeat":"repeat","background-position":"center center","background-size":"auto","background-attachment":"scroll","background-type":"","background-media":"","overlay-type":"","overlay-color":"","overlay-opacity":"","overlay-gradient":""}},"pgc_sgb_lightbox_settings":""},"product_brand":[],"product_cat":[180],"product_tag":[],"class_list":{"0":"post-8868","1":"product","2":"type-product","3":"status-publish","4":"has-post-thumbnail","6":"product_cat-speicherung-in-wasserstoff","7":"desktop-align-center","8":"tablet-align-center","9":"mobile-align-center","11":"first","12":"instock","13":"taxable","14":"shipping-taxable","15":"product-type-simple"},"uagb_featured_image_src":{"full":["https:\/\/voltaswiss.ch\/wp-content\/uploads\/2023\/12\/stockage-hydrogene-2.jpg",1000,1000,false],"thumbnail":["https:\/\/voltaswiss.ch\/wp-content\/uploads\/2023\/12\/stockage-hydrogene-2-150x150.jpg",150,150,true],"medium":["https:\/\/voltaswiss.ch\/wp-content\/uploads\/2023\/12\/stockage-hydrogene-2-300x300.jpg",300,300,true],"medium_large":["https:\/\/voltaswiss.ch\/wp-content\/uploads\/2023\/12\/stockage-hydrogene-2-768x768.jpg",768,768,true],"large":["https:\/\/voltaswiss.ch\/wp-content\/uploads\/2023\/12\/stockage-hydrogene-2.jpg",1000,1000,false],"1536x1536":["https:\/\/voltaswiss.ch\/wp-content\/uploads\/2023\/12\/stockage-hydrogene-2.jpg",1000,1000,false],"2048x2048":["https:\/\/voltaswiss.ch\/wp-content\/uploads\/2023\/12\/stockage-hydrogene-2.jpg",1000,1000,false],"gform-image-choice-sm":["https:\/\/voltaswiss.ch\/wp-content\/uploads\/2023\/12\/stockage-hydrogene-2.jpg",300,300,false],"gform-image-choice-md":["https:\/\/voltaswiss.ch\/wp-content\/uploads\/2023\/12\/stockage-hydrogene-2.jpg",400,400,false],"gform-image-choice-lg":["https:\/\/voltaswiss.ch\/wp-content\/uploads\/2023\/12\/stockage-hydrogene-2.jpg",600,600,false],"woocommerce_thumbnail":["https:\/\/voltaswiss.ch\/wp-content\/uploads\/2023\/12\/stockage-hydrogene-2-300x300.jpg",300,300,true],"woocommerce_single":["https:\/\/voltaswiss.ch\/wp-content\/uploads\/2023\/12\/stockage-hydrogene-2-600x600.jpg",600,600,true],"woocommerce_gallery_thumbnail":["https:\/\/voltaswiss.ch\/wp-content\/uploads\/2023\/12\/stockage-hydrogene-2-100x100.jpg",100,100,true]},"uagb_author_info":{"display_name":"Norbert Nemes","author_link":"https:\/\/voltaswiss.ch\/de\/author\/"},"uagb_comment_info":0,"uagb_excerpt":"Brosch\u00fcre_DASH_M-series_Hydrogen_Storage_Modules_MAM-1904_Rev01_compressed","_links":{"self":[{"href":"https:\/\/voltaswiss.ch\/de\/wp-json\/wp\/v2\/product\/8868","targetHints":{"allow":["GET"]}}],"collection":[{"href":"https:\/\/voltaswiss.ch\/de\/wp-json\/wp\/v2\/product"}],"about":[{"href":"https:\/\/voltaswiss.ch\/de\/wp-json\/wp\/v2\/types\/product"}],"wp:featuredmedia":[{"embeddable":true,"href":"https:\/\/voltaswiss.ch\/de\/wp-json\/wp\/v2\/media\/9445"}],"wp:attachment":[{"href":"https:\/\/voltaswiss.ch\/de\/wp-json\/wp\/v2\/media?parent=8868"}],"wp:term":[{"taxonomy":"product_brand","embeddable":true,"href":"https:\/\/voltaswiss.ch\/de\/wp-json\/wp\/v2\/product_brand?post=8868"},{"taxonomy":"product_cat","embeddable":true,"href":"https:\/\/voltaswiss.ch\/de\/wp-json\/wp\/v2\/product_cat?post=8868"},{"taxonomy":"product_tag","embeddable":true,"href":"https:\/\/voltaswiss.ch\/de\/wp-json\/wp\/v2\/product_tag?post=8868"}],"curies":[{"name":"wp","href":"https:\/\/api.w.org\/{rel}","templated":true}]}}