{"id":6779,"date":"2023-04-27T22:15:24","date_gmt":"2023-04-27T20:15:24","guid":{"rendered":"https:\/\/voltaswiss.ch\/product\/160w-folding-solar-panel-for-portable-power-station\/"},"modified":"2023-09-12T13:29:09","modified_gmt":"2023-09-12T11:29:09","slug":"160w-folding-solar-panel-for-portable-power-station","status":"publish","type":"product","link":"https:\/\/voltaswiss.ch\/en\/produit\/160w-folding-solar-panel-for-portable-power-station\/","title":{"rendered":"160W Folding Solar Panel for Portable Power Station"},"content":{"rendered":"<div id=\"tw-target-text-container\" class=\"tw-ta-container F0azHf tw-nfl\">\n<div class=\"speci\">\n<div id=\"tw-target-text-container\" class=\"tw-ta-container F0azHf tw-nfl\">\n<div id=\"tw-target-text-container\" class=\"tw-ta-container F0azHf tw-nfl\">\n<div id=\"tw-target-text-container\" class=\"tw-ta-container F0azHf tw-nfl\">\n<pre class=\"tw-data-text tw-text-large tw-ta\" dir=\"ltr\" data-placeholder=\"Translation\"><span class=\"Y2IQFc\" lang=\"fr\">Caract\u00e9ristiques\nInformations g\u00e9n\u00e9rales\n\nDonn\u00e9es \u00e9lectriques\nCurrent: 9.08A\nPuissance: 160W\nTension: 17.6V\n\nDimensions\n\nTaille\n\nTaille pli\u00e9e : 680*468*54mm\u00b15mm ;\nTaille \u00e9tendue : 1670*680*25 mm \u00b1 5 mm ;\n<\/span><span class=\"Y2IQFc\" lang=\"fr\">\nDonn\u00e9es du produit\n\nCode de commande: 11566\nCode produit: VT-10160\n\nSuppl\u00e9mentaire\nMarque\nV-TAC<\/span><\/pre>\n<\/div>\n<div id=\"tw-target-rmn-container\" class=\"tw-target-rmn tw-ta-container F0azHf tw-nfl\">\n<pre id=\"tw-target-rmn\" class=\"tw-data-placeholder tw-text-small tw-ta\" dir=\"ltr\" data-placeholder=\"\"><\/pre>\n<\/div>\n<\/div>\n<\/div>\n<div class=\"iYB33c\">\n<div class=\"dlJLJe\">\n<div data-cviv=\"false\" data-ved=\"2ahUKEwiUgKjc6sX-AhW9gf0HHX-EBL4Qz_AEegQICBAO\"><\/div>\n<\/div>\n<\/div>\n<\/div>\n<\/div>\n<div id=\"tw-target-rmn-container\" class=\"tw-target-rmn tw-ta-container F0azHf tw-nfl\">\n<pre id=\"tw-target-rmn\" class=\"tw-data-placeholder tw-text-small tw-ta\" dir=\"ltr\" data-placeholder=\"\"><\/pre>\n<\/div>\n<div class=\"ast-oembed-container \" style=\"height: 100%;\"><iframe title=\"V-TAC Portable Power Solutions\" width=\"500\" height=\"281\" src=\"https:\/\/www.youtube.com\/embed\/VpxRFwfiFVE?feature=oembed\" frameborder=\"0\" allow=\"accelerometer; autoplay; clipboard-write; encrypted-media; gyroscope; picture-in-picture; web-share\" referrerpolicy=\"strict-origin-when-cross-origin\" allowfullscreen><\/iframe><\/div>\n<pre id=\"tw-target-text\" class=\"tw-data-text tw-text-large tw-ta\" dir=\"ltr\" data-placeholder=\"Ford\u00edt\u00e1s\"><\/pre>\n","protected":false},"excerpt":{"rendered":"<p>Caract\u00e9ristiques Informations g\u00e9n\u00e9rales Donn\u00e9es \u00e9lectriques Current: 9.08A Puissance: 160W Tension: 17.6V Dimensions Taille Taille pli\u00e9e : 680*468*54mm\u00b15mm ; Taille \u00e9tendue : 1670*680*25 mm \u00b1 5 mm ; Donn\u00e9es du produit Code de commande: 11566 Code produit: VT-10160 Suppl\u00e9mentaire Marque V-TAC<\/p>\n","protected":false},"featured_media":6458,"template":"","meta":{"_uag_custom_page_level_css":"","site-sidebar-layout":"default","site-content-layout":"default","ast-site-content-layout":"default","site-content-style":"default","site-sidebar-style":"default","ast-global-header-display":"","ast-banner-title-visibility":"","ast-main-header-display":"","ast-hfb-above-header-display":"","ast-hfb-below-header-display":"","ast-hfb-mobile-header-display":"","site-post-title":"","ast-breadcrumbs-content":"","ast-featured-img":"","footer-sml-layout":"","theme-transparent-header-meta":"default","adv-header-id-meta":"","stick-header-meta":"","header-above-stick-meta":"","header-main-stick-meta":"","header-below-stick-meta":"","astra-migrate-meta-layouts":"default","ast-page-background-enabled":"default","ast-page-background-meta":{"desktop":{"background-color":"var(--ast-global-color-4)","background-image":"","background-repeat":"repeat","background-position":"center center","background-size":"auto","background-attachment":"scroll","background-type":"","background-media":"","overlay-type":"","overlay-color":"","overlay-opacity":"","overlay-gradient":""},"tablet":{"background-color":"","background-image":"","background-repeat":"repeat","background-position":"center center","background-size":"auto","background-attachment":"scroll","background-type":"","background-media":"","overlay-type":"","overlay-color":"","overlay-opacity":"","overlay-gradient":""},"mobile":{"background-color":"","background-image":"","background-repeat":"repeat","background-position":"center center","background-size":"auto","background-attachment":"scroll","background-type":"","background-media":"","overlay-type":"","overlay-color":"","overlay-opacity":"","overlay-gradient":""}},"ast-content-background-meta":{"desktop":{"background-color":"var(--ast-global-color-5)","background-image":"","background-repeat":"repeat","background-position":"center center","background-size":"auto","background-attachment":"scroll","background-type":"","background-media":"","overlay-type":"","overlay-color":"","overlay-opacity":"","overlay-gradient":""},"tablet":{"background-color":"var(--ast-global-color-5)","background-image":"","background-repeat":"repeat","background-position":"center center","background-size":"auto","background-attachment":"scroll","background-type":"","background-media":"","overlay-type":"","overlay-color":"","overlay-opacity":"","overlay-gradient":""},"mobile":{"background-color":"var(--ast-global-color-5)","background-image":"","background-repeat":"repeat","background-position":"center center","background-size":"auto","background-attachment":"scroll","background-type":"","background-media":"","overlay-type":"","overlay-color":"","overlay-opacity":"","overlay-gradient":""}},"pgc_sgb_lightbox_settings":""},"product_brand":[],"product_cat":[44],"product_tag":[],"class_list":{"0":"post-6779","1":"product","2":"type-product","3":"status-publish","4":"has-post-thumbnail","6":"product_cat-solar-panels","7":"desktop-align-center","8":"tablet-align-center","9":"mobile-align-center","11":"first","12":"onbackorder","13":"taxable","14":"shipping-taxable","15":"product-type-simple"},"uagb_featured_image_src":{"full":["https:\/\/voltaswiss.ch\/wp-content\/uploads\/2023\/04\/11446-11564-11566-1.jpg",700,700,false],"thumbnail":["https:\/\/voltaswiss.ch\/wp-content\/uploads\/2023\/04\/11446-11564-11566-1-150x150.jpg",150,150,true],"medium":["https:\/\/voltaswiss.ch\/wp-content\/uploads\/2023\/04\/11446-11564-11566-1-300x300.jpg",300,300,true],"medium_large":["https:\/\/voltaswiss.ch\/wp-content\/uploads\/2023\/04\/11446-11564-11566-1.jpg",700,700,false],"large":["https:\/\/voltaswiss.ch\/wp-content\/uploads\/2023\/04\/11446-11564-11566-1.jpg",700,700,false],"1536x1536":["https:\/\/voltaswiss.ch\/wp-content\/uploads\/2023\/04\/11446-11564-11566-1.jpg",700,700,false],"2048x2048":["https:\/\/voltaswiss.ch\/wp-content\/uploads\/2023\/04\/11446-11564-11566-1.jpg",700,700,false],"gform-image-choice-sm":["https:\/\/voltaswiss.ch\/wp-content\/uploads\/2023\/04\/11446-11564-11566-1.jpg",300,300,false],"gform-image-choice-md":["https:\/\/voltaswiss.ch\/wp-content\/uploads\/2023\/04\/11446-11564-11566-1.jpg",400,400,false],"gform-image-choice-lg":["https:\/\/voltaswiss.ch\/wp-content\/uploads\/2023\/04\/11446-11564-11566-1.jpg",600,600,false],"woocommerce_thumbnail":["https:\/\/voltaswiss.ch\/wp-content\/uploads\/2023\/04\/11446-11564-11566-1-300x300.jpg",300,300,true],"woocommerce_single":["https:\/\/voltaswiss.ch\/wp-content\/uploads\/2023\/04\/11446-11564-11566-1-600x600.jpg",600,600,true],"woocommerce_gallery_thumbnail":["https:\/\/voltaswiss.ch\/wp-content\/uploads\/2023\/04\/11446-11564-11566-1-100x100.jpg",100,100,true]},"uagb_author_info":{"display_name":"Norbert Nemes","author_link":"https:\/\/voltaswiss.ch\/en\/author\/"},"uagb_comment_info":0,"uagb_excerpt":"Caract\u00e9ristiques Informations g\u00e9n\u00e9rales Donn\u00e9es \u00e9lectriques Current: 9.08A Puissance: 160W Tension: 17.6V Dimensions Taille Taille pli\u00e9e : 680*468*54mm\u00b15mm ; Taille \u00e9tendue : 1670*680*25 mm \u00b1 5 mm ; Donn\u00e9es du produit Code de commande: 11566 Code produit: VT-10160 Suppl\u00e9mentaire Marque V-TAC","_links":{"self":[{"href":"https:\/\/voltaswiss.ch\/en\/wp-json\/wp\/v2\/product\/6779","targetHints":{"allow":["GET"]}}],"collection":[{"href":"https:\/\/voltaswiss.ch\/en\/wp-json\/wp\/v2\/product"}],"about":[{"href":"https:\/\/voltaswiss.ch\/en\/wp-json\/wp\/v2\/types\/product"}],"wp:featuredmedia":[{"embeddable":true,"href":"https:\/\/voltaswiss.ch\/en\/wp-json\/wp\/v2\/media\/6458"}],"wp:attachment":[{"href":"https:\/\/voltaswiss.ch\/en\/wp-json\/wp\/v2\/media?parent=6779"}],"wp:term":[{"taxonomy":"product_brand","embeddable":true,"href":"https:\/\/voltaswiss.ch\/en\/wp-json\/wp\/v2\/product_brand?post=6779"},{"taxonomy":"product_cat","embeddable":true,"href":"https:\/\/voltaswiss.ch\/en\/wp-json\/wp\/v2\/product_cat?post=6779"},{"taxonomy":"product_tag","embeddable":true,"href":"https:\/\/voltaswiss.ch\/en\/wp-json\/wp\/v2\/product_tag?post=6779"}],"curies":[{"name":"wp","href":"https:\/\/api.w.org\/{rel}","templated":true}]}}